{"id":827,"date":"2025-11-24T10:13:25","date_gmt":"2025-11-24T09:13:25","guid":{"rendered":"http:\/\/gemischter-chor-munzingen.de\/?page_id=827"},"modified":"2025-11-24T10:21:35","modified_gmt":"2025-11-24T09:21:35","slug":"vergangene-jahre","status":"publish","type":"page","link":"http:\/\/gemischter-chor-munzingen.de\/?page_id=827","title":{"rendered":"Vergangene Jahre"},"content":{"rendered":"\n<hr class=\"wp-block-separator has-alpha-channel-opacity\"\/>\n\n\n\n<p><strong>16. November 2024:<br>Kirchenkonzert &#8222;Gloria&#8220; in Freiburg-Tiengen, evangelische Kirche, 18:00 Uhr<br>17. November 2024:<br>Kirchenkonzert &#8222;Gloria&#8220; in Freiburg-Opfingen, Bergkirche, 17:00 Uhr<\/strong><\/p>\n\n\n\n<figure class=\"wp-block-image size-large\"><img loading=\"lazy\" decoding=\"async\" width=\"724\" height=\"1024\" src=\"http:\/\/gemischter-chor-munzingen.de\/wp-content\/uploads\/2024\/09\/Plakat-Version-6-20240909-mit-pdf24-als-jpg-724x1024.jpg\" alt=\"Kirchenkonzerte 2024\" class=\"wp-image-795\" srcset=\"http:\/\/gemischter-chor-munzingen.de\/wp-content\/uploads\/2024\/09\/Plakat-Version-6-20240909-mit-pdf24-als-jpg-724x1024.jpg 724w, http:\/\/gemischter-chor-munzingen.de\/wp-content\/uploads\/2024\/09\/Plakat-Version-6-20240909-mit-pdf24-als-jpg-212x300.jpg 212w, http:\/\/gemischter-chor-munzingen.de\/wp-content\/uploads\/2024\/09\/Plakat-Version-6-20240909-mit-pdf24-als-jpg-768x1087.jpg 768w, http:\/\/gemischter-chor-munzingen.de\/wp-content\/uploads\/2024\/09\/Plakat-Version-6-20240909-mit-pdf24-als-jpg.jpg 826w\" sizes=\"auto, (max-width: 724px) 100vw, 724px\" \/><\/figure>\n\n\n\n<p><strong>16. und 17. Dezember 2023:<\/strong><br><strong>Singen auf dem Weihnachtsmarkt<\/strong>, Innenhof von Schloss Reinach, Munzingen<\/p>\n\n\n\n<p><strong>21. Oktober 2023:<\/strong> <br><strong>R\u00fcckblick auf das Konzert in Freiamt<\/strong><\/p>\n\n\n\n<p>Der Gemischte Chor Munzingen ist der Einladung der befreundeten Chorvereinigung Freiamt zu deren Herbstkonzert am 21.10.2023 sehr gerne gefolgt. Es fand, wie immer, im S\u00e4ngerheim Freiamt-Mussbach statt. Nach langer Zeit, z.T. Corona-bedingt, war es f\u00fcr alle Besucher(innen) eine Freude, sich an diesem wundersch\u00f6nen, goldenen Oktobertag wiederzusehen und das gemeinsame Hobby, den Gesang, zu pflegen.<\/p>\n\n\n\n<p>Der Abend wurde zu einem unterhaltsamen und kurzweiligen Genuss: vielseitig, abwechslungsreich und fr\u00f6hlich wurden die Lieder von den beteiligten Ch\u00f6ren vorgetragen. Die G\u00e4ste h\u00f6rten aufmerksam zu und belohnten die Beitr\u00e4ge mit anhaltendem Applaus. Ein gelungener, sch\u00f6ner Abend, f\u00fcr den wir uns bei der Chorvereinigung Freiamt ganz herzlich bedanken. <\/p>\n\n\n\n<figure class=\"wp-block-image size-large\"><img loading=\"lazy\" decoding=\"async\" width=\"1024\" height=\"478\" src=\"http:\/\/gemischter-chor-munzingen.de\/wp-content\/uploads\/2023\/10\/www-Konzert-Freiamt-20231021_203212-GabiF-Ausschnitt-1024x478.jpg\" alt=\"\" class=\"wp-image-696\" srcset=\"http:\/\/gemischter-chor-munzingen.de\/wp-content\/uploads\/2023\/10\/www-Konzert-Freiamt-20231021_203212-GabiF-Ausschnitt-1024x478.jpg 1024w, http:\/\/gemischter-chor-munzingen.de\/wp-content\/uploads\/2023\/10\/www-Konzert-Freiamt-20231021_203212-GabiF-Ausschnitt-300x140.jpg 300w, http:\/\/gemischter-chor-munzingen.de\/wp-content\/uploads\/2023\/10\/www-Konzert-Freiamt-20231021_203212-GabiF-Ausschnitt-768x359.jpg 768w, http:\/\/gemischter-chor-munzingen.de\/wp-content\/uploads\/2023\/10\/www-Konzert-Freiamt-20231021_203212-GabiF-Ausschnitt-1536x718.jpg 1536w, http:\/\/gemischter-chor-munzingen.de\/wp-content\/uploads\/2023\/10\/www-Konzert-Freiamt-20231021_203212-GabiF-Ausschnitt-2048x957.jpg 2048w\" sizes=\"auto, (max-width: 1024px) 100vw, 1024px\" \/><\/figure>\n\n\n\n<figure class=\"wp-block-image size-large\"><img loading=\"lazy\" decoding=\"async\" width=\"1024\" height=\"360\" src=\"http:\/\/gemischter-chor-munzingen.de\/wp-content\/uploads\/2023\/10\/www-Konzert-Freiamt-20231021-Programm-S0-S1-1024x360.jpg\" alt=\"\" class=\"wp-image-699\" srcset=\"http:\/\/gemischter-chor-munzingen.de\/wp-content\/uploads\/2023\/10\/www-Konzert-Freiamt-20231021-Programm-S0-S1-1024x360.jpg 1024w, http:\/\/gemischter-chor-munzingen.de\/wp-content\/uploads\/2023\/10\/www-Konzert-Freiamt-20231021-Programm-S0-S1-300x105.jpg 300w, http:\/\/gemischter-chor-munzingen.de\/wp-content\/uploads\/2023\/10\/www-Konzert-Freiamt-20231021-Programm-S0-S1-768x270.jpg 768w, http:\/\/gemischter-chor-munzingen.de\/wp-content\/uploads\/2023\/10\/www-Konzert-Freiamt-20231021-Programm-S0-S1-1536x540.jpg 1536w, http:\/\/gemischter-chor-munzingen.de\/wp-content\/uploads\/2023\/10\/www-Konzert-Freiamt-20231021-Programm-S0-S1-2048x720.jpg 2048w\" sizes=\"auto, (max-width: 1024px) 100vw, 1024px\" \/><\/figure>\n\n\n\n<p><br><hr class=\"wp-block-separator has-alpha-channel-opacity\"><\/hr><strong>19. September 2023:<\/strong><br><strong>Jahreshauptversammlung 2023<\/strong> <br>Zu unserer diesj\u00e4hrigen Jahreshauptversammlung am <strong>Dienstag, dem\u00a019. September 2023 um 20:00 Uhr<\/strong> im B\u00fcrgersaal des Rathauses Munzingen laden wir alle aktiven und passiven Mitglieder sowie Freunde des Chores und\u00a0alle Vorsitzenden der Munzinger Vereine, herzlich ein.<\/p>\n\n\n\n<p><strong><em>Tagesordnung:<\/em><\/strong><br>1. Begr\u00fc\u00dfung<br>2. Totenehrung<br>3. Bericht des Kassenwarts und der Kassenpr\u00fcfer<br>4. Bericht der Schriftf\u00fchrerin&nbsp;<br>5. Aussprache \u00fcber die Berichte<br>6. Entlastung des Vorstands<br>7. Wahl des Gesamtvorstandes<br>8. Bericht der Dirigentin<br>9. Verschiedenes&nbsp;<\/p>\n\n\n\n<p>Antr\u00e4ge zur Tagesordnung sind bis zum 14. September 2023 beim Vorstand (<a href=\"mailto:gemischter-chor-munzingen@gmx.de\">gemischter-chor-munzingen@gmx.de<\/a>; 07664\/6136319) einzureichen.<\/p>\n\n\n\n<p><\/p>\n\n\n\n<p><strong>12. September 2023:<\/strong><br><strong>Woche der offenen Ch\u00f6re &#8212; Der Gemischte Chor Munzingen l\u00e4dt Neu- und Wiedereinsteiger zur Chorprobe ein!<\/strong> <br>An der bundesweit stattfindenden &#8222;Woche der offenen Ch\u00f6re&#8220; des Deutschen Chorverbandes nehmen wir Teil und laden alle Interssierten zu einer Schnupperprobe ein.<br><em>Zusammen zu singen bereichert den Alltag jedes Einzelnen bei uns im Chor. Wir m\u00f6chten Sie dazu ermutigen, genau das auch f\u00fcr sich selbst zu entdecken.<\/em><br>Sie singen gerne oder haben sogar schon in einem Chor mitgewirkt? Dann trauen Sie sich und lernen Sie uns und unsere Dirigentin Anna Galow bei der offenen Probe kennen. Kommen Sie zum Rathaus in Munzingen, darin ist unser Probenraum im 1. OG.<\/p>\n\n\n\n<p>Aktuell proben wir f\u00fcr ein Chorkonzert, zu dem wir von unserem befreundeten Chor in Freiamt zur Teilnahme am 21. Oktober 2023 eingeladen wurden. Wie werden eine ganz normale Chorprobe erleben: Einsingen, Singen der schon ausgew\u00e4hlten Lieder f\u00fcr das Konzert, ggf. Wunschlied(er) von Geburtstagskindern. Und auch beim anschlie\u00dfenden Ausklang im nahen Limoncello sind Sie gerne gesehen.<br>Unser n\u00e4chster Auftritt ist dann beim Munzinger Weihnachtsmarkt \u2013 zusammen mit dem Kinderchor und Unterst\u00fctzung durch Mitglieder des Kirchenchors. Vielleicht singen Sie ja schon bei den Auftritten mit? <strong>Kommen Sie zur offenen Chorprobe und lernen Sie uns und unser Repertoire kennen.<\/strong><\/p>\n\n\n\n<p>Die normalen Proben gehen dann zwei Wochen sp\u00e4ter (am 26.9.2023) weiter, da am 19.9.2023 unsere Generalversammlung ist, zu der Sie nat\u00fcrlich gerne kommen d\u00fcrfen..<\/p>\n\n\n\n<p><strong>26. M\u00e4rz 2023:<\/strong><br>Ein Matinee-Konzert in der Schlossbuckhalle zusammen mit dem Kinderchor der Lindenberg-Schule.<br>Das Plakat dazu k\u00f6nnen Sie unter &#8222;Veranstaltungen&#8220; sehen.<br>Der Eintritt ist frei, wir w\u00fcrden uns aber sehr \u00fcber Ihre Spende freuen.<br>F\u00fcr das leibliche Wohl sorgen die Mitglieder des Gemischten Chors.<br><\/p>\n\n\n\n<hr class=\"wp-block-separator has-alpha-channel-opacity is-style-wide\"\/>\n\n\n\n<p>24. Oktober 2021:<br>An diesem Tag fand um 17:00 Uhr unser Jubil\u00e4umskonzert zum 100-j\u00e4hrigen Bestehen des Gemischten Chors Munzingen im Hotel Schloss Reinach statt. Einlass war ab 16:30 Uhr.<br>Karten konnten im Vorverkauf zu 12 Euro bei Kater Karlo, Friseur-Salon Wagner, Weingut Fridolin Luhr und beim Freitagsmarkt erworben werden. An der Abendkasse kosteten die Karten dann 14 Euro. Die GGG-Regeln zu Corona mussten beachtet werden.<br>Der Chor hat unter der Leitung der neuen Dirigenten Anna Galow ein ansprechendes Programm zusammengestellt, dass durch Lesungen des Deutschen Tagebucharchivs Emmendingen und das Spiel des Querfl\u00f6tenquartetts Contravers erweitert wurde.<br>Der Chor bekam an diesem Abend die Zelter-Plakette verliehen.<\/p>\n\n\n\n<figure class=\"wp-block-gallery has-nested-images columns-default is-cropped wp-block-gallery-1 is-layout-flex wp-block-gallery-is-layout-flex\">\n<figure class=\"wp-block-image size-large\"><img loading=\"lazy\" decoding=\"async\" width=\"714\" height=\"1024\" data-id=\"635\" src=\"http:\/\/gemischter-chor-munzingen.de\/wp-content\/uploads\/2021\/10\/Gruendung-1921-IMG_20210116-1-Farbtemperatur-geaendert-714x1024.jpg\" alt=\"\" class=\"wp-image-635\" srcset=\"http:\/\/gemischter-chor-munzingen.de\/wp-content\/uploads\/2021\/10\/Gruendung-1921-IMG_20210116-1-Farbtemperatur-geaendert-714x1024.jpg 714w, http:\/\/gemischter-chor-munzingen.de\/wp-content\/uploads\/2021\/10\/Gruendung-1921-IMG_20210116-1-Farbtemperatur-geaendert-209x300.jpg 209w, http:\/\/gemischter-chor-munzingen.de\/wp-content\/uploads\/2021\/10\/Gruendung-1921-IMG_20210116-1-Farbtemperatur-geaendert-768x1101.jpg 768w, http:\/\/gemischter-chor-munzingen.de\/wp-content\/uploads\/2021\/10\/Gruendung-1921-IMG_20210116-1-Farbtemperatur-geaendert-1071x1536.jpg 1071w, http:\/\/gemischter-chor-munzingen.de\/wp-content\/uploads\/2021\/10\/Gruendung-1921-IMG_20210116-1-Farbtemperatur-geaendert-1428x2048.jpg 1428w, http:\/\/gemischter-chor-munzingen.de\/wp-content\/uploads\/2021\/10\/Gruendung-1921-IMG_20210116-1-Farbtemperatur-geaendert-scaled.jpg 1785w\" sizes=\"auto, (max-width: 714px) 100vw, 714px\" \/><figcaption class=\"wp-element-caption\">Am 10. Februar 1921 wurde auf em Rathause dahier der &#8222;M\u00e4nnergesangverein Munzingen&#8220; gegr\u00fcndet. Zur vorl\u00e4ufigen F\u00fchrung desselben wurde Franz Held als Vorstand gew\u00e4hlt, als Kassier und Schriftf\u00fchrer Franz H\u00f6rner. &lt;&#8230;&gt;<\/figcaption><\/figure>\n<\/figure>\n\n\n\n<p><\/p>\n\n\n\n<p>April 2021: <br><span style=\"color:#a30016\" class=\"has-inline-color\">Bedingt durch die Corona-Pandemie k\u00f6nnen leider keine <strong>Singstunden <\/strong>in unseren Probenraum stattfinden. Derzeit finden alle Proben als Online-Zoom-Proben statt. <br>Wir hoffen, dass wir bald wieder im direkten Kontakt miteinander singen k\u00f6nnen.<br><br>Im Jahr 2021 feiert der Gemischte Chor Munzingen sein<strong> 100-j\u00e4hriges Bestehen<\/strong>. Dazu hatte der Chor schon einige Ideen und auch schon ein Konzert in der Planung. Aktuell k\u00f6nnen wir leider nicht sagen, wann das stattfinden kann. Wir halten Sie auf dem Laufenden.<\/span><\/p>\n\n\n\n<p><strong><span style=\"color:#a30009\" class=\"has-inline-color\"><\/span><\/strong><\/p>\n\n\n\n<p>Juli 2020: <br>Liebe Mitglieder und Freunde&nbsp;des Chores, <br>die Jahreshauptversammlung wurde am 21. Juli 2020 erfolgreich abgehalten.<br>Dank an die Mitglieder und den Ortsvorsteher!<br>Dass alle gesund bleiben!<\/p>\n\n\n\n<p><\/p>\n\n\n\n<p><\/p>\n\n\n\n<p><\/p>\n","protected":false},"excerpt":{"rendered":"<p>16. November 2024:Kirchenkonzert &#8222;Gloria&#8220; in Freiburg-Tiengen, evangelische Kirche, 18:00 Uhr17. November 2024:Kirchenkonzert &#8222;Gloria&#8220; in Freiburg-Opfingen, Bergkirche, 17:00 Uhr 16. und 17. Dezember 2023:Singen auf dem Weihnachtsmarkt, Innenhof von Schloss Reinach, Munzingen 21. Oktober 2023: R\u00fcckblick auf das Konzert in Freiamt &hellip; <a href=\"http:\/\/gemischter-chor-munzingen.de\/?page_id=827\">Weiterlesen <span class=\"meta-nav\">&rarr;<\/span><\/a><\/p>\n","protected":false},"author":6,"featured_media":0,"parent":0,"menu_order":0,"comment_status":"closed","ping_status":"closed","template":"","meta":{"footnotes":""},"class_list":["post-827","page","type-page","status-publish","hentry"],"_links":{"self":[{"href":"http:\/\/gemischter-chor-munzingen.de\/index.php?rest_route=\/wp\/v2\/pages\/827","targetHints":{"allow":["GET"]}}],"collection":[{"href":"http:\/\/gemischter-chor-munzingen.de\/index.php?rest_route=\/wp\/v2\/pages"}],"about":[{"href":"http:\/\/gemischter-chor-munzingen.de\/index.php?rest_route=\/wp\/v2\/types\/page"}],"author":[{"embeddable":true,"href":"http:\/\/gemischter-chor-munzingen.de\/index.php?rest_route=\/wp\/v2\/users\/6"}],"replies":[{"embeddable":true,"href":"http:\/\/gemischter-chor-munzingen.de\/index.php?rest_route=%2Fwp%2Fv2%2Fcomments&post=827"}],"version-history":[{"count":3,"href":"http:\/\/gemischter-chor-munzingen.de\/index.php?rest_route=\/wp\/v2\/pages\/827\/revisions"}],"predecessor-version":[{"id":834,"href":"http:\/\/gemischter-chor-munzingen.de\/index.php?rest_route=\/wp\/v2\/pages\/827\/revisions\/834"}],"wp:attachment":[{"href":"http:\/\/gemischter-chor-munzingen.de\/index.php?rest_route=%2Fwp%2Fv2%2Fmedia&parent=827"}],"curies":[{"name":"wp","href":"https:\/\/api.w.org\/{rel}","templated":true}]}}