{"id":428,"date":"2023-01-06T14:44:50","date_gmt":"2023-01-06T13:44:50","guid":{"rendered":"http:\/\/gemischter-chor-munzingen.de\/?page_id=428"},"modified":"2025-05-30T17:31:12","modified_gmt":"2025-05-30T15:31:12","slug":"veranstaltungen-2018","status":"publish","type":"page","link":"http:\/\/gemischter-chor-munzingen.de\/?page_id=428","title":{"rendered":"Veranstaltungen"},"content":{"rendered":"\n<p><strong>Veranstaltungen 2025<\/strong><\/p>\n\n\n\n<p>So,<strong> 13. Juli 2025: Sommerkonzert<\/strong> um 11:00 Uhr im Munzinger Dreschschopf<\/p>\n\n\n\n<figure class=\"wp-block-image size-large\"><img loading=\"lazy\" decoding=\"async\" width=\"724\" height=\"1024\" src=\"http:\/\/gemischter-chor-munzingen.de\/wp-content\/uploads\/2025\/05\/Plakat-Version-7-20250507-als-jpg-1-724x1024.jpg\" alt=\"\" class=\"wp-image-807\" srcset=\"http:\/\/gemischter-chor-munzingen.de\/wp-content\/uploads\/2025\/05\/Plakat-Version-7-20250507-als-jpg-1-724x1024.jpg 724w, http:\/\/gemischter-chor-munzingen.de\/wp-content\/uploads\/2025\/05\/Plakat-Version-7-20250507-als-jpg-1-212x300.jpg 212w, http:\/\/gemischter-chor-munzingen.de\/wp-content\/uploads\/2025\/05\/Plakat-Version-7-20250507-als-jpg-1-768x1087.jpg 768w, http:\/\/gemischter-chor-munzingen.de\/wp-content\/uploads\/2025\/05\/Plakat-Version-7-20250507-als-jpg-1.jpg 826w\" sizes=\"auto, (max-width: 724px) 100vw, 724px\" \/><\/figure>\n\n\n\n<hr class=\"wp-block-separator has-alpha-channel-opacity\"\/>\n\n\n\n<p><strong>Veranstaltungen 202<\/strong>4<\/p>\n\n\n\n<p><strong>16. November 2024:<br>Kirchenkonzert \u201eGloria\u201c in Freiburg-Tiengen, evangelische Kirche, 18:00 Uhr<br>17. November 2024:<br>Kirchenkonzert \u201eGloria\u201c in Freiburg-Opfingen, Bergkirche, 17:00 Uhr<\/strong><\/p>\n\n\n\n<figure class=\"wp-block-image\"><img loading=\"lazy\" decoding=\"async\" width=\"724\" height=\"1024\" src=\"http:\/\/gemischter-chor-munzingen.de\/wp-content\/uploads\/2024\/09\/Plakat-Version-6-20240909-mit-pdf24-als-jpg-724x1024.jpg\" alt=\"Kirchenkonzerte 2024\" class=\"wp-image-795\" srcset=\"http:\/\/gemischter-chor-munzingen.de\/wp-content\/uploads\/2024\/09\/Plakat-Version-6-20240909-mit-pdf24-als-jpg-724x1024.jpg 724w, http:\/\/gemischter-chor-munzingen.de\/wp-content\/uploads\/2024\/09\/Plakat-Version-6-20240909-mit-pdf24-als-jpg-212x300.jpg 212w, http:\/\/gemischter-chor-munzingen.de\/wp-content\/uploads\/2024\/09\/Plakat-Version-6-20240909-mit-pdf24-als-jpg-768x1087.jpg 768w, http:\/\/gemischter-chor-munzingen.de\/wp-content\/uploads\/2024\/09\/Plakat-Version-6-20240909-mit-pdf24-als-jpg.jpg 826w\" sizes=\"auto, (max-width: 724px) 100vw, 724px\" \/><\/figure>\n\n\n\n<hr class=\"wp-block-separator has-alpha-channel-opacity\"\/>\n\n\n\n<p><strong>Veranstaltungen 2023<\/strong><\/p>\n\n\n\n<p>So, <strong>26. M\u00e4rz 2023  <\/strong>              Matinee &#8222;An hellen Tagen&#8220; in der Schlossbuckhalle<\/p>\n\n\n\n<figure class=\"wp-block-image size-large is-resized\"><img loading=\"lazy\" decoding=\"async\" width=\"724\" height=\"1024\" src=\"http:\/\/gemischter-chor-munzingen.de\/wp-content\/uploads\/2023\/02\/Plakat-20230326-Stand-20230226-signKarinE-klein-724x1024.jpg\" alt=\"\" class=\"wp-image-669\" srcset=\"http:\/\/gemischter-chor-munzingen.de\/wp-content\/uploads\/2023\/02\/Plakat-20230326-Stand-20230226-signKarinE-klein-724x1024.jpg 724w, http:\/\/gemischter-chor-munzingen.de\/wp-content\/uploads\/2023\/02\/Plakat-20230326-Stand-20230226-signKarinE-klein-212x300.jpg 212w, http:\/\/gemischter-chor-munzingen.de\/wp-content\/uploads\/2023\/02\/Plakat-20230326-Stand-20230226-signKarinE-klein-768x1087.jpg 768w, http:\/\/gemischter-chor-munzingen.de\/wp-content\/uploads\/2023\/02\/Plakat-20230326-Stand-20230226-signKarinE-klein.jpg 826w\" sizes=\"auto, (max-width: 724px) 100vw, 724px\" \/><figcaption class=\"wp-element-caption\">Das Plakat f\u00fcr die Matinee<\/figcaption><\/figure>\n\n\n\n<p>F\u00fcr diese Matinee \u00fcben wir flei\u00dfig und freuen uns, eine interessierte Zuh\u00f6rerschaft mit unseren musischen Darbietungen unterhalten zu k\u00f6nnen.<\/p>\n\n\n\n<p>Wie beim Gemischten Chor Munzingen \u00fcblich wird f\u00fcr das leibliche Wohl wieder gesorgt sein, dieses Mal mit einer Auswahl an feinem Fingerfood. Kaffee und Kuchen haben wir auch vorgesehen.<\/p>\n\n\n\n<hr class=\"wp-block-separator has-alpha-channel-opacity\"\/>\n","protected":false},"excerpt":{"rendered":"<p>Veranstaltungen 2025 So, 13. Juli 2025: Sommerkonzert um 11:00 Uhr im Munzinger Dreschschopf Veranstaltungen 2024 16. November 2024:Kirchenkonzert \u201eGloria\u201c in Freiburg-Tiengen, evangelische Kirche, 18:00 Uhr17. November 2024:Kirchenkonzert \u201eGloria\u201c in Freiburg-Opfingen, Bergkirche, 17:00 Uhr Veranstaltungen 2023 So, 26. M\u00e4rz 2023 Matinee &hellip; <a href=\"http:\/\/gemischter-chor-munzingen.de\/?page_id=428\">Weiterlesen <span class=\"meta-nav\">&rarr;<\/span><\/a><\/p>\n","protected":false},"author":8,"featured_media":0,"parent":0,"menu_order":0,"comment_status":"closed","ping_status":"closed","template":"","meta":{"footnotes":""},"class_list":["post-428","page","type-page","status-publish","hentry"],"_links":{"self":[{"href":"http:\/\/gemischter-chor-munzingen.de\/index.php?rest_route=\/wp\/v2\/pages\/428","targetHints":{"allow":["GET"]}}],"collection":[{"href":"http:\/\/gemischter-chor-munzingen.de\/index.php?rest_route=\/wp\/v2\/pages"}],"about":[{"href":"http:\/\/gemischter-chor-munzingen.de\/index.php?rest_route=\/wp\/v2\/types\/page"}],"author":[{"embeddable":true,"href":"http:\/\/gemischter-chor-munzingen.de\/index.php?rest_route=\/wp\/v2\/users\/8"}],"replies":[{"embeddable":true,"href":"http:\/\/gemischter-chor-munzingen.de\/index.php?rest_route=%2Fwp%2Fv2%2Fcomments&post=428"}],"version-history":[{"count":39,"href":"http:\/\/gemischter-chor-munzingen.de\/index.php?rest_route=\/wp\/v2\/pages\/428\/revisions"}],"predecessor-version":[{"id":810,"href":"http:\/\/gemischter-chor-munzingen.de\/index.php?rest_route=\/wp\/v2\/pages\/428\/revisions\/810"}],"wp:attachment":[{"href":"http:\/\/gemischter-chor-munzingen.de\/index.php?rest_route=%2Fwp%2Fv2%2Fmedia&parent=428"}],"curies":[{"name":"wp","href":"https:\/\/api.w.org\/{rel}","templated":true}]}}