{"id":127,"date":"2014-09-14T15:34:40","date_gmt":"2014-09-14T13:34:40","guid":{"rendered":"http:\/\/www.gemischter-chor-munzingen.de\/?page_id=127"},"modified":"2023-01-06T14:29:45","modified_gmt":"2023-01-06T13:29:45","slug":"projekt-kinderchor","status":"publish","type":"page","link":"http:\/\/gemischter-chor-munzingen.de\/?page_id=127","title":{"rendered":"Projekt Kinderchor"},"content":{"rendered":"<p>Der Gemischte Chor Munzingen hat sich zum Ziel gesetzt, Kinder schon in fr\u00fchem Alter an das gemeinschaftliche Singen heranzuf\u00fchren. In enger Partnerschaft mit der Lindenberg-Grundschule Munzingen erhalten Kinder der ersten bis vierten Klasse einmal pro Woche eine zus\u00e4tzliche Musikstunde, in der fr\u00f6hlich musiziert und vorallem gesungen wird.<br \/>\nDer Gemischte Chor hat daf\u00fcr Frau Ruth Blum, Lehrerin an der Grundschule, engagiert. Damit sollen m\u00f6glichst viele Kinder Freude am Singen erfahren. Im Kinderchor singen derzeit (2023) etwa f\u00fcnfzig kleine S\u00e4ngerinnen und S\u00e4nger. Der Chor tritt bei schulischen Veranstaltungen, beim Weihnachtsmarkt in Munzingen und bei Konzerten des Gemischten Chores Munzingen auf.<\/p>\n","protected":false},"excerpt":{"rendered":"<p>Der Gemischte Chor Munzingen hat sich zum Ziel gesetzt, Kinder schon in fr\u00fchem Alter an das gemeinschaftliche Singen heranzuf\u00fchren. In enger Partnerschaft mit der Lindenberg-Grundschule Munzingen erhalten Kinder der ersten bis vierten Klasse einmal pro Woche eine zus\u00e4tzliche Musikstunde, in &hellip; <a href=\"http:\/\/gemischter-chor-munzingen.de\/?page_id=127\">Weiterlesen <span class=\"meta-nav\">&rarr;<\/span><\/a><\/p>\n","protected":false},"author":6,"featured_media":0,"parent":111,"menu_order":2,"comment_status":"closed","ping_status":"closed","template":"","meta":{"footnotes":""},"class_list":["post-127","page","type-page","status-publish","hentry"],"_links":{"self":[{"href":"http:\/\/gemischter-chor-munzingen.de\/index.php?rest_route=\/wp\/v2\/pages\/127","targetHints":{"allow":["GET"]}}],"collection":[{"href":"http:\/\/gemischter-chor-munzingen.de\/index.php?rest_route=\/wp\/v2\/pages"}],"about":[{"href":"http:\/\/gemischter-chor-munzingen.de\/index.php?rest_route=\/wp\/v2\/types\/page"}],"author":[{"embeddable":true,"href":"http:\/\/gemischter-chor-munzingen.de\/index.php?rest_route=\/wp\/v2\/users\/6"}],"replies":[{"embeddable":true,"href":"http:\/\/gemischter-chor-munzingen.de\/index.php?rest_route=%2Fwp%2Fv2%2Fcomments&post=127"}],"version-history":[{"count":4,"href":"http:\/\/gemischter-chor-munzingen.de\/index.php?rest_route=\/wp\/v2\/pages\/127\/revisions"}],"predecessor-version":[{"id":658,"href":"http:\/\/gemischter-chor-munzingen.de\/index.php?rest_route=\/wp\/v2\/pages\/127\/revisions\/658"}],"up":[{"embeddable":true,"href":"http:\/\/gemischter-chor-munzingen.de\/index.php?rest_route=\/wp\/v2\/pages\/111"}],"wp:attachment":[{"href":"http:\/\/gemischter-chor-munzingen.de\/index.php?rest_route=%2Fwp%2Fv2%2Fmedia&parent=127"}],"curies":[{"name":"wp","href":"https:\/\/api.w.org\/{rel}","templated":true}]}}