{"id":111,"date":"2014-09-14T15:02:36","date_gmt":"2014-09-14T13:02:36","guid":{"rendered":"http:\/\/www.gemischter-chor-munzingen.de\/?page_id=111"},"modified":"2026-04-16T16:41:28","modified_gmt":"2026-04-16T14:41:28","slug":"wir-ueber-uns","status":"publish","type":"page","link":"http:\/\/gemischter-chor-munzingen.de\/?page_id=111","title":{"rendered":"Wir \u00fcber uns"},"content":{"rendered":"<p>Der gemischte Chor f\u00fchlt sich dem Gesang, aber auch dem kulturellen Leben in Munzingen verpflichtet. Daraus ergeben sich feste Veranstaltungen im laufenden Jahr, an denen der Chor mitwirkt.<\/p>\n<p>Dazu geh\u00f6ren unter anderem: Singen beim Munzinger Neujahresempfang, beim K\u00e4ppelefest der Kirchengemeinde, beim Volkstrauertag und beim Weihnachtsmarkt im Schloss Reinach.<\/p>\n<p>Dar\u00fcber hinaus veranstalten wir einmal im Jahr ganzt\u00e4gig einen S\u00e4ngerhock im Munzinger Dreschschopf. Dazu laden wir jeweils einige Ch\u00f6re aus der Nachbarschaft ein.<\/p>\n<p><strong>Konzerte<\/strong><\/p>\n<p>Wir veranstalten jedes Jahr in Munzingen ein Konzert mit unterschiedlichem Schwerpunkte: Zum Beispiel<\/p>\n<ul>\n<li>Opern und Operettench\u00f6re &#8211; auch mit Solisten<\/li>\n<li>Kirchenkonzert mit geistlichen Liedern und Chor\u00e4len<\/li>\n<li>Schuberts &#8222;Sch\u00f6ne M\u00fcllerin&#8220;; Adaption f\u00fcr Chor und Solisten<\/li>\n<li>Neue Chormusik zeitgen\u00f6ssischer Komponisten<br \/>\n2015, im Stadttheater Freiburg<\/li>\n<\/ul>\n<h2><strong>Proben<\/strong><\/h2>\n<p>Unser Chor versammelt sich regelm\u00e4\u00dfig einmal pro Woche zur Chorprobe:<br \/>\nDienstags 20 Uhr bis 21:30 Uhr im Munzinger Rathaus (au\u00dfer in den Schulferien).<br \/>\nDabei bereiten wir uns auch f\u00fcr Konzerte und Auftritte vor.<br \/>\nF\u00fcr Neueinsteiger sind Erfahrungen im Chorgesang oder Notenkenntnisse keine Voraussetzung, aber hilfreich. Motto: Singen kann jeder!<\/p>\n<h2><strong>Schnupperstunden<\/strong><\/h2>\n<p>Dem Vorstand ist es ein gro\u00dfes Anliegen, dass sich jedes Mitglied, ob neu oder schon lange dabei, in unserer Gemeinschaft wohlf\u00fchlt. Darum gibt es f\u00fcr &#8222;Neue&#8220; die M\u00f6glichkeit, ausgiebig zu schnuppern und zwar im laufenden Jahr bis Ende des Jahres.<\/p>\n<p>Danach w\u00e4re eine positive Entscheidung mit einem Eintritt in unseren Verein erfreulich.<br \/>\nDer Beitrag liegt derzeit bei 90 \u20ac\/Jahr.<br \/>\nDas Beitrittsformular k\u00f6nnen Sie sich <a href=\"http:\/\/gemischter-chor-munzingen.de\/wp-content\/uploads\/2015\/02\/Mitgliedschaft-Aktiv-20140504.pdf\" target=\"_blank\" rel=\"noopener noreferrer\">hier<\/a> als PDF-Datei herunterladen, bitte Betrag \u00e4ndern in 90 Euro, ge\u00e4ndert 2019.<\/p>\n<h2><strong>Projektteilnehmer\/i<\/strong><strong>nnen<\/strong><\/h2>\n<p>S\u00e4nger\/innen, die sich nur kurzfristig binden m\u00f6chten, oder Interesse an einem speziellen Konzert haben sind auch herzlich willkommen!<\/p>\n<h2><strong>F\u00f6rdernde Mitgliedschaft<\/strong><\/h2>\n<p>Unser Chor kommt regelm\u00e4\u00dfig zusammen. Wir stellen uns aber einem kulturellen Auftrag in Munzingen durch eigene Konzerte, Auftritte bei gemeindlichen Veranstaltungen und F\u00f6rderung des Kinderchores und vieles mehr.<br \/>\nDadurch &#8211; und auch durch das Honorar f\u00fcr den Dirigenten &#8211; entstehen uns nicht unerhebliche Kosten. durch f\u00f6rdernde Mitgliedschaft kann man uns sehr ehlfen.<\/p>\n<p>Wir freuen uns auf Sie!<\/p>\n<h2><strong>Repertoire<\/strong><\/h2>\n<p>Der Gemischte Chor Munzingen besteht seit \u00fcber 25 Jahren. In dieser Zeit haben wir ein umfangreiches, sehr abwechsungsreiches Repertoire erarbeitet, von dem wir f\u00fcr jede Gelegenheit passende St\u00fccke abrufen k\u00f6nnen.<br \/>\nDas Repertoire umfasst alle Stil-Epochen von der Renaissance bis zur Moderne \/ zeitgen\u00f6ssische Komponisten.<\/p>\n","protected":false},"excerpt":{"rendered":"<p>Der gemischte Chor f\u00fchlt sich dem Gesang, aber auch dem kulturellen Leben in Munzingen verpflichtet. Daraus ergeben sich feste Veranstaltungen im laufenden Jahr, an denen der Chor mitwirkt. Dazu geh\u00f6ren unter anderem: Singen beim Munzinger Neujahresempfang, beim K\u00e4ppelefest der Kirchengemeinde, &hellip; <a href=\"http:\/\/gemischter-chor-munzingen.de\/?page_id=111\">Weiterlesen <span class=\"meta-nav\">&rarr;<\/span><\/a><\/p>\n","protected":false},"author":6,"featured_media":0,"parent":0,"menu_order":2,"comment_status":"closed","ping_status":"closed","template":"","meta":{"footnotes":""},"class_list":["post-111","page","type-page","status-publish","hentry"],"_links":{"self":[{"href":"http:\/\/gemischter-chor-munzingen.de\/index.php?rest_route=\/wp\/v2\/pages\/111","targetHints":{"allow":["GET"]}}],"collection":[{"href":"http:\/\/gemischter-chor-munzingen.de\/index.php?rest_route=\/wp\/v2\/pages"}],"about":[{"href":"http:\/\/gemischter-chor-munzingen.de\/index.php?rest_route=\/wp\/v2\/types\/page"}],"author":[{"embeddable":true,"href":"http:\/\/gemischter-chor-munzingen.de\/index.php?rest_route=\/wp\/v2\/users\/6"}],"replies":[{"embeddable":true,"href":"http:\/\/gemischter-chor-munzingen.de\/index.php?rest_route=%2Fwp%2Fv2%2Fcomments&post=111"}],"version-history":[{"count":16,"href":"http:\/\/gemischter-chor-munzingen.de\/index.php?rest_route=\/wp\/v2\/pages\/111\/revisions"}],"predecessor-version":[{"id":837,"href":"http:\/\/gemischter-chor-munzingen.de\/index.php?rest_route=\/wp\/v2\/pages\/111\/revisions\/837"}],"wp:attachment":[{"href":"http:\/\/gemischter-chor-munzingen.de\/index.php?rest_route=%2Fwp%2Fv2%2Fmedia&parent=111"}],"curies":[{"name":"wp","href":"https:\/\/api.w.org\/{rel}","templated":true}]}}